{"id":1235,"date":"2022-02-03T08:41:30","date_gmt":"2022-02-03T07:41:30","guid":{"rendered":"https:\/\/www.agriturismodeigirasoli.com\/chi-siamo\/"},"modified":"2023-01-26T12:08:20","modified_gmt":"2023-01-26T11:08:20","slug":"uber-uns","status":"publish","type":"page","link":"https:\/\/www.agriturismodeigirasoli.com\/de\/uber-uns\/","title":{"rendered":"\u00dcber Uns"},"content":{"rendered":"\t\t<div data-elementor-type=\"wp-page\" data-elementor-id=\"1235\" class=\"elementor elementor-1235 elementor-142\">\n\t\t\t\t\t\t<section class=\"elementor-section elementor-top-section elementor-element elementor-element-d23a12a elementor-section-stretched elementor-section-boxed elementor-section-height-default elementor-section-height-default\" data-id=\"d23a12a\" data-element_type=\"section\" data-settings=\"{&quot;stretch_section&quot;:&quot;section-stretched&quot;,&quot;background_background&quot;:&quot;classic&quot;}\">\n\t\t\t\t\t\t<div class=\"elementor-container elementor-column-gap-wider\">\n\t\t\t\t\t<div class=\"elementor-column elementor-col-100 elementor-top-column elementor-element elementor-element-4239dfd\" data-id=\"4239dfd\" data-element_type=\"column\">\n\t\t\t<div class=\"elementor-widget-wrap elementor-element-populated\">\n\t\t\t\t\t\t<section class=\"elementor-section elementor-inner-section elementor-element elementor-element-291209e elementor-section-boxed elementor-section-height-default elementor-section-height-default\" data-id=\"291209e\" data-element_type=\"section\">\n\t\t\t\t\t\t<div class=\"elementor-container elementor-column-gap-default\">\n\t\t\t\t\t<div class=\"elementor-column elementor-col-100 elementor-inner-column elementor-element elementor-element-dbe9595\" data-id=\"dbe9595\" data-element_type=\"column\">\n\t\t\t<div class=\"elementor-widget-wrap elementor-element-populated\">\n\t\t\t\t\t\t<div class=\"elementor-element elementor-element-b81a854 elementor-widget elementor-widget-text-editor\" data-id=\"b81a854\" data-element_type=\"widget\" data-widget_type=\"text-editor.default\">\n\t\t\t\t<div class=\"elementor-widget-container\">\n\t\t\t\t\t\t\t<h1><span style=\"color: #ffffff;\">Die Geschichte<\/span><br \/><span style=\"color: #ffffff;\">unseres<\/span> <span class=\"themecolor\">Bauernhofs<\/span><\/h1>\t\t\t\t\t\t<\/div>\n\t\t\t\t<\/div>\n\t\t\t\t\t<\/div>\n\t\t<\/div>\n\t\t\t\t\t<\/div>\n\t\t<\/section>\n\t\t\t\t\t<\/div>\n\t\t<\/div>\n\t\t\t\t\t<\/div>\n\t\t<\/section>\n\t\t\t\t<section class=\"elementor-section elementor-top-section elementor-element elementor-element-be1be73 elementor-section-stretched elementor-section-boxed elementor-section-height-default elementor-section-height-default\" data-id=\"be1be73\" data-element_type=\"section\" data-settings=\"{&quot;stretch_section&quot;:&quot;section-stretched&quot;}\">\n\t\t\t\t\t\t<div class=\"elementor-container elementor-column-gap-wider\">\n\t\t\t\t\t<div class=\"elementor-column elementor-col-100 elementor-top-column elementor-element elementor-element-6ef01a8\" data-id=\"6ef01a8\" data-element_type=\"column\">\n\t\t\t<div class=\"elementor-widget-wrap elementor-element-populated\">\n\t\t\t\t\t\t<section class=\"elementor-section elementor-inner-section elementor-element elementor-element-03547fa elementor-section-boxed elementor-section-height-default elementor-section-height-default\" data-id=\"03547fa\" data-element_type=\"section\">\n\t\t\t\t\t\t<div class=\"elementor-container elementor-column-gap-no\">\n\t\t\t\t\t<div class=\"elementor-column elementor-col-100 elementor-inner-column elementor-element elementor-element-2983d69\" data-id=\"2983d69\" data-element_type=\"column\">\n\t\t\t<div class=\"elementor-widget-wrap\">\n\t\t\t\t\t\t\t<\/div>\n\t\t<\/div>\n\t\t\t\t\t<\/div>\n\t\t<\/section>\n\t\t\t\t<section class=\"elementor-section elementor-inner-section elementor-element elementor-element-95a8c4a elementor-section-content-middle elementor-reverse-mobile elementor-section-boxed elementor-section-height-default elementor-section-height-default\" data-id=\"95a8c4a\" data-element_type=\"section\">\n\t\t\t\t\t\t<div class=\"elementor-container elementor-column-gap-default\">\n\t\t\t\t\t<div class=\"elementor-column elementor-col-50 elementor-inner-column elementor-element elementor-element-f8601d8\" data-id=\"f8601d8\" data-element_type=\"column\">\n\t\t\t<div class=\"elementor-widget-wrap elementor-element-populated\">\n\t\t\t\t\t\t<div class=\"elementor-element elementor-element-04f504f elementor-widget elementor-widget-text-editor\" data-id=\"04f504f\" data-element_type=\"widget\" data-widget_type=\"text-editor.default\">\n\t\t\t\t<div class=\"elementor-widget-container\">\n\t\t\t\t\t\t\t<h3>Tradition und Erfahrung<\/h3>\t\t\t\t\t\t<\/div>\n\t\t\t\t<\/div>\n\t\t\t\t<div class=\"elementor-element elementor-element-e2069f1 elementor-widget elementor-widget-text-editor\" data-id=\"e2069f1\" data-element_type=\"widget\" data-widget_type=\"text-editor.default\">\n\t\t\t\t<div class=\"elementor-widget-container\">\n\t\t\t\t\t\t\t<p>Bereits 1920 bewirtschaftete Urgro\u00dfvater Pasquale Provenzali diese immer noch in Familienbesitz befindlichen L\u00e4ndereien und hatte einen florierenden Betrieb aufgebaut, der Wein, \u00d6l, Obst und Gem\u00fcse sowie Futter f\u00fcr die Nutztiere produzierte.<\/p><p>Mit dem Wunsch, die alte Familientradition wieder aufzunehmen, wurde 2007 der landwirtschaftliche Betrieb \u201eI due poderi\u201c er\u00f6ffnet. Dabei wurden die vorhandenen jahrhundertealten Olivenb\u00e4ume erhalten und weitere auf den Feldern gepflanzt, die einst f\u00fcr den Anbau von Weizen und Viehfutter genutzt wurden. Zur \u00d6lproduktion gesellte sich sofort der Gem\u00fcseanbau, eine Leidenschaft, die f\u00fcr den Eigenbedarf der Familie nie aufgegeben wurde.<\/p><p>Im Jahr 2020 wurde der Bauernhof, der nun von Urenkel Stefano gef\u00fchrt wird, zum \u201eAgriturismo dei Girasoli\u201c.<\/p>\t\t\t\t\t\t<\/div>\n\t\t\t\t<\/div>\n\t\t\t\t\t<\/div>\n\t\t<\/div>\n\t\t\t\t<div class=\"elementor-column elementor-col-50 elementor-inner-column elementor-element elementor-element-45f6aa5\" data-id=\"45f6aa5\" data-element_type=\"column\">\n\t\t\t<div class=\"elementor-widget-wrap elementor-element-populated\">\n\t\t\t\t\t\t<div class=\"elementor-element elementor-element-d6d85ad elementor-widget elementor-widget-image\" data-id=\"d6d85ad\" data-element_type=\"widget\" data-widget_type=\"image.default\">\n\t\t\t\t<div class=\"elementor-widget-container\">\n\t\t\t\t\t\t\t\t\t\t\t\t\t<img fetchpriority=\"high\" decoding=\"async\" width=\"1024\" height=\"768\" src=\"https:\/\/www.agriturismodeigirasoli.com\/wp-content\/uploads\/2022\/02\/chi-siamo-1024x768.jpg\" class=\"attachment-large size-large wp-image-161\" alt=\"\" srcset=\"https:\/\/www.agriturismodeigirasoli.com\/wp-content\/uploads\/2022\/02\/chi-siamo-1024x768.jpg 1024w, https:\/\/www.agriturismodeigirasoli.com\/wp-content\/uploads\/2022\/02\/chi-siamo-800x600.jpg 800w, https:\/\/www.agriturismodeigirasoli.com\/wp-content\/uploads\/2022\/02\/chi-siamo-300x225.jpg 300w, https:\/\/www.agriturismodeigirasoli.com\/wp-content\/uploads\/2022\/02\/chi-siamo-768x576.jpg 768w, https:\/\/www.agriturismodeigirasoli.com\/wp-content\/uploads\/2022\/02\/chi-siamo-1536x1152.jpg 1536w, https:\/\/www.agriturismodeigirasoli.com\/wp-content\/uploads\/2022\/02\/chi-siamo-195x146.jpg 195w, https:\/\/www.agriturismodeigirasoli.com\/wp-content\/uploads\/2022\/02\/chi-siamo-50x38.jpg 50w, https:\/\/www.agriturismodeigirasoli.com\/wp-content\/uploads\/2022\/02\/chi-siamo-100x75.jpg 100w, https:\/\/www.agriturismodeigirasoli.com\/wp-content\/uploads\/2022\/02\/chi-siamo-960x720.jpg 960w, https:\/\/www.agriturismodeigirasoli.com\/wp-content\/uploads\/2022\/02\/chi-siamo.jpg 1920w\" sizes=\"(max-width:767px) 480px, (max-width:1024px) 100vw, 1024px\" \/>\t\t\t\t\t\t\t\t\t\t\t\t\t<\/div>\n\t\t\t\t<\/div>\n\t\t\t\t\t<\/div>\n\t\t<\/div>\n\t\t\t\t\t<\/div>\n\t\t<\/section>\n\t\t\t\t<section class=\"elementor-section elementor-inner-section elementor-element elementor-element-821cb50 elementor-section-content-middle elementor-section-boxed elementor-section-height-default elementor-section-height-default\" data-id=\"821cb50\" data-element_type=\"section\">\n\t\t\t\t\t\t<div class=\"elementor-container elementor-column-gap-default\">\n\t\t\t\t\t<div class=\"elementor-column elementor-col-50 elementor-inner-column elementor-element elementor-element-82ed73b\" data-id=\"82ed73b\" data-element_type=\"column\">\n\t\t\t<div class=\"elementor-widget-wrap elementor-element-populated\">\n\t\t\t\t\t\t<div class=\"elementor-element elementor-element-fbd979c elementor-widget elementor-widget-image\" data-id=\"fbd979c\" data-element_type=\"widget\" data-widget_type=\"image.default\">\n\t\t\t\t<div class=\"elementor-widget-container\">\n\t\t\t\t\t\t\t\t\t\t\t\t\t<img decoding=\"async\" width=\"1024\" height=\"768\" src=\"https:\/\/www.agriturismodeigirasoli.com\/wp-content\/uploads\/2022\/02\/chi-siamo-2-1024x768.jpg\" class=\"attachment-large size-large wp-image-162\" alt=\"\" srcset=\"https:\/\/www.agriturismodeigirasoli.com\/wp-content\/uploads\/2022\/02\/chi-siamo-2-1024x768.jpg 1024w, https:\/\/www.agriturismodeigirasoli.com\/wp-content\/uploads\/2022\/02\/chi-siamo-2-800x600.jpg 800w, https:\/\/www.agriturismodeigirasoli.com\/wp-content\/uploads\/2022\/02\/chi-siamo-2-300x225.jpg 300w, https:\/\/www.agriturismodeigirasoli.com\/wp-content\/uploads\/2022\/02\/chi-siamo-2-768x576.jpg 768w, https:\/\/www.agriturismodeigirasoli.com\/wp-content\/uploads\/2022\/02\/chi-siamo-2-1536x1152.jpg 1536w, https:\/\/www.agriturismodeigirasoli.com\/wp-content\/uploads\/2022\/02\/chi-siamo-2-195x146.jpg 195w, https:\/\/www.agriturismodeigirasoli.com\/wp-content\/uploads\/2022\/02\/chi-siamo-2-50x38.jpg 50w, https:\/\/www.agriturismodeigirasoli.com\/wp-content\/uploads\/2022\/02\/chi-siamo-2-100x75.jpg 100w, https:\/\/www.agriturismodeigirasoli.com\/wp-content\/uploads\/2022\/02\/chi-siamo-2-960x720.jpg 960w, https:\/\/www.agriturismodeigirasoli.com\/wp-content\/uploads\/2022\/02\/chi-siamo-2.jpg 1920w\" sizes=\"(max-width:767px) 480px, (max-width:1024px) 100vw, 1024px\" \/>\t\t\t\t\t\t\t\t\t\t\t\t\t<\/div>\n\t\t\t\t<\/div>\n\t\t\t\t\t<\/div>\n\t\t<\/div>\n\t\t\t\t<div class=\"elementor-column elementor-col-50 elementor-inner-column elementor-element elementor-element-96564c4\" data-id=\"96564c4\" data-element_type=\"column\">\n\t\t\t<div class=\"elementor-widget-wrap elementor-element-populated\">\n\t\t\t\t\t\t<div class=\"elementor-element elementor-element-d952bd9 elementor-widget elementor-widget-text-editor\" data-id=\"d952bd9\" data-element_type=\"widget\" data-widget_type=\"text-editor.default\">\n\t\t\t\t<div class=\"elementor-widget-container\">\n\t\t\t\t\t\t\t<h3>Eine Oase des Friedens und der Stille<\/h3>\t\t\t\t\t\t<\/div>\n\t\t\t\t<\/div>\n\t\t\t\t<div class=\"elementor-element elementor-element-c7ef831 elementor-widget elementor-widget-text-editor\" data-id=\"c7ef831\" data-element_type=\"widget\" data-widget_type=\"text-editor.default\">\n\t\t\t\t<div class=\"elementor-widget-container\">\n\t\t\t\t\t\t\t<p>Auf dem Landgut San Martino, inmitten der von Kaiser Napoleon Bonaparte so gesch\u00e4tzten Landschaft, der dort seine Sommerresidenz errichten lie\u00df, wurde dieses kleine Familienhotel er\u00f6ffnet.<\/p><p>Die Lage ist sehr ruhig und friedlich, inmitten der Gem\u00fcseg\u00e4rten des Bauernhofs.<\/p><p>Das Unternehmen produziert EVO-\u00d6l, Gem\u00fcse und Naturkosmetik auf \u00d6lbasis.<\/p>\t\t\t\t\t\t<\/div>\n\t\t\t\t<\/div>\n\t\t\t\t\t<\/div>\n\t\t<\/div>\n\t\t\t\t\t<\/div>\n\t\t<\/section>\n\t\t\t\t\t<\/div>\n\t\t<\/div>\n\t\t\t\t\t<\/div>\n\t\t<\/section>\n\t\t\t\t<\/div>\n\t\t","protected":false},"excerpt":{"rendered":"<p>Die Geschichteunseres Bauernhofs Tradition und Erfahrung Bereits 1920 bewirtschaftete Urgro\u00dfvater Pasquale Provenzali diese immer noch in Familienbesitz befindlichen L\u00e4ndereien und hatte einen florierenden Betrieb aufgebaut, der<span class=\"excerpt-hellip\"> [\u2026]<\/span><\/p>\n","protected":false},"author":1,"featured_media":0,"parent":0,"menu_order":0,"comment_status":"closed","ping_status":"closed","template":"","meta":{"footnotes":""},"class_list":["post-1235","page","type-page","status-publish","hentry"],"_links":{"self":[{"href":"https:\/\/www.agriturismodeigirasoli.com\/de\/wp-json\/wp\/v2\/pages\/1235","targetHints":{"allow":["GET"]}}],"collection":[{"href":"https:\/\/www.agriturismodeigirasoli.com\/de\/wp-json\/wp\/v2\/pages"}],"about":[{"href":"https:\/\/www.agriturismodeigirasoli.com\/de\/wp-json\/wp\/v2\/types\/page"}],"author":[{"embeddable":true,"href":"https:\/\/www.agriturismodeigirasoli.com\/de\/wp-json\/wp\/v2\/users\/1"}],"replies":[{"embeddable":true,"href":"https:\/\/www.agriturismodeigirasoli.com\/de\/wp-json\/wp\/v2\/comments?post=1235"}],"version-history":[{"count":5,"href":"https:\/\/www.agriturismodeigirasoli.com\/de\/wp-json\/wp\/v2\/pages\/1235\/revisions"}],"predecessor-version":[{"id":1246,"href":"https:\/\/www.agriturismodeigirasoli.com\/de\/wp-json\/wp\/v2\/pages\/1235\/revisions\/1246"}],"wp:attachment":[{"href":"https:\/\/www.agriturismodeigirasoli.com\/de\/wp-json\/wp\/v2\/media?parent=1235"}],"curies":[{"name":"wp","href":"https:\/\/api.w.org\/{rel}","templated":true}]}}